{"id":31,"date":"2021-09-13T13:55:51","date_gmt":"2021-09-13T11:55:51","guid":{"rendered":"https:\/\/realco.pl\/?page_id=31"},"modified":"2024-10-07T10:11:22","modified_gmt":"2024-10-07T08:11:22","slug":"home","status":"publish","type":"page","link":"https:\/\/realco.pl\/en\/","title":{"rendered":"Home"},"content":{"rendered":"<div class=\"lazyblock-grafika-w-tle-ZoU4eF wp-block-lazyblock-grafika-w-tle\">\r\n\r\n<div class=\"slider-owl\">\r\n    <div class=\"container-wide\">\r\n        <div class=\"owl-carousel owl-slider-glowny owl-theme\">\r\n          \r\n             \r\n        \r\n                <div class=\"item\" style=\"background-image: url(https:\/\/realco.pl\/wp-content\/uploads\/2023\/04\/1.jpg)\">\r\n                     \r\n\r\n                    <div class=\"container\">\r\n                      \r\n                        <div class=\"caption side1 \">\r\n                                                        <h1 class=\"etykieta\"><a href=\"https:\/\/realco.pl\/appsz.pl\/\"><\/a><\/h1>\r\n                                                                                    <h2 class=\"main-lead\"><a href=\"https:\/\/realco.pl\/appsz.pl\/\">Apartments przy Park Szczytnickim<\/a><\/h2>\r\n                                                        <p>The best place to live<\/p>\r\n \r\n                            <a class=\"more\" href=\"https:\/\/realco.pl\/appsz.pl\/\">sprawd\u017a ofert\u0119 <i class=\"fa fa-angle-double-right\" aria-hidden=\"true\"><\/i><\/a>\r\n\r\n                        <\/div>\r\n\r\n                    <\/div>\r\n                <\/div>\r\n\r\n                 \r\n        \r\n                <div class=\"item\" style=\"background-image: url()\">\r\n                     \r\n\r\n                    <div class=\"container\">\r\n                      \r\n                        <div class=\"caption side2 \">\r\n                                                        <h1 class=\"etykieta\"><a href=\"https:\/\/realco.pl\/appsz.pl\/\"><\/a><\/h1>\r\n                                                                                    <h2 class=\"main-lead\"><a href=\"https:\/\/realco.pl\/appsz.pl\/\">Apartments przy Park Szczytnickim<\/a><\/h2>\r\n                                                        <p>Live in the green part of Wroc\u0142aw<\/p>\r\n \r\n                            <a class=\"more\" href=\"https:\/\/realco.pl\/appsz.pl\/\">sprawd\u017a ofert\u0119 <i class=\"fa fa-angle-double-right\" aria-hidden=\"true\"><\/i><\/a>\r\n\r\n                        <\/div>\r\n\r\n                    <\/div>\r\n                <\/div>\r\n\r\n                 \r\n        \r\n                <div class=\"item\" style=\"background-image: url(https:\/\/realco.pl\/wp-content\/uploads\/2022\/06\/p1d_internet.jpg)\">\r\n                     \r\n\r\n                    <div class=\"container\">\r\n                      \r\n                        <div class=\"caption side1 \">\r\n                                                                                    <h2 class=\"main-lead\"><a href=\"https:\/\/realco.pl\/domyparkowa.pl\/\">Micha\u0142owice Parkowa <\/a><\/h2>\r\n                                                        <p>Make your dreams come true and choose a house<\/p>\r\n \r\n                            <a class=\"more\" href=\"https:\/\/realco.pl\/domyparkowa.pl\/\">sprawd\u017a ofert\u0119 <i class=\"fa fa-angle-double-right\" aria-hidden=\"true\"><\/i><\/a>\r\n\r\n                        <\/div>\r\n\r\n                    <\/div>\r\n                <\/div>\r\n\r\n                 \r\n        \r\n                <div class=\"item\" style=\"background-image: url(https:\/\/realco.pl\/wp-content\/uploads\/2022\/06\/p3D_internet.jpg)\">\r\n                     \r\n\r\n                    <div class=\"container\">\r\n                      \r\n                        <div class=\"caption side1 \">\r\n                                                                                    <h2 class=\"main-lead\"><a href=\"https:\/\/realco.pl\/domyparkowa.pl\/\">Micha\u0142owice Parkowa <\/a><\/h2>\r\n                                                        <p>Thinking about the needs of even the most demanding customers<\/p>\r\n \r\n                            <a class=\"more\" href=\"https:\/\/realco.pl\/domyparkowa.pl\/\">sprawd\u017a ofert\u0119 <i class=\"fa fa-angle-double-right\" aria-hidden=\"true\"><\/i><\/a>\r\n\r\n                        <\/div>\r\n\r\n                    <\/div>\r\n                <\/div>\r\n\r\n                 \r\n        \r\n                <div class=\"item\" style=\"background-image: url(https:\/\/realco.pl\/wp-content\/uploads\/2021\/09\/MM_slider_3.jpg)\">\r\n                     \r\n\r\n                    <div class=\"container\">\r\n                      \r\n                        <div class=\"caption side1 \">\r\n                                                        <h1 class=\"etykieta\"><a href=\"https:\/\/realco.pl\/mlynmaria.pl\/\">M\u0142yn Maria<\/a><\/h1>\r\n                                                                                    <p>Service premises in the center of Wroc\u0142aw<\/p>\r\n \r\n                            <a class=\"more\" href=\"https:\/\/realco.pl\/mlynmaria.pl\/\">sprawd\u017a ofert\u0119 <i class=\"fa fa-angle-double-right\" aria-hidden=\"true\"><\/i><\/a>\r\n\r\n                        <\/div>\r\n\r\n                    <\/div>\r\n                <\/div>\r\n\r\n                            <\/div>\r\n        <\/div>\r\n    <\/div>\r\n    <script>\r\n    $(document).ready(function() {\r\n\r\n        $('.owl-slider-glowny').owlCarousel({\r\n            loop: true,\r\n            animateOut: 'fadeOut',\r\n            animateIn: 'fadeIn',\r\n            margin: 10,\r\n            nav: true,\r\n            responsiveClass: true,\r\n            autoplay:true,\r\n            autoplayTimeout:5000,\r\n            autoplayHoverPause:true,\r\n            responsive: {\r\n                0: {\r\n                    items: 1\r\n                }\r\n\r\n            }\r\n        });\r\n    })\r\n\r\n<\/script>\r\n\r\n\r\n<\/div>\n\n\n<div class=\"wp-block-group nasze-inwestycje container\"><div class=\"wp-block-group__inner-container is-layout-flow wp-block-group-is-layout-flow\">\n<h2 class=\"wp-block-heading has-text-align-center main-lead text-center\">Our investments<\/h2>\n\n\n\n<p class=\"has-text-align-center text-center\">We undertake both demanding projects related to the renovation of historical properties and the creation of new residential spaces for our clients.<\/p>\n\n\n\n<div style=\"height:30px\" aria-hidden=\"true\" class=\"wp-block-spacer\"><\/div>\n\n\n<div class=\"lazyblock-karuzela-owl-1uqOMb wp-block-lazyblock-karuzela-owl\"><div class=\"carusela-owl\">\r\n    <div class=\"owl-carousel owl-slider-inwestycje owl-theme\">\r\n                 \r\n            <div class=\"item\"> \r\n            \r\n            <a href=\"https:\/\/realco.pl\/nowapabianicka\/\">\r\n               \r\n              <img decoding=\"async\" src=\"https:\/\/realco.pl\/wp-content\/uploads\/2023\/11\/Nowa-Pabianicka_budynek-500-800.jpg\" alt=\"Nowa Pabianicka \">\r\n\r\n                <div class=\"caption\">\r\n                    <h3>Nowa Pabianicka <\/h3>\r\n                    <h4>Wroc\u0142aw<\/h4>\r\n                    <div class=\"etykieta\">\r\n                                                                                                                                                                  Sale is in progress                    <\/div>\r\n                    <div class=\"maska\">\r\n                                            \r\n                     \r\n                          <span class=\"readmore\">zobacz wi\u0119cej<\/span>\r\n                          \r\n                    <\/div>\r\n                <\/div>\r\n                <\/a>\r\n            \r\n        <\/div>\r\n\r\n                 \r\n            <div class=\"item\"> \r\n            \r\n            <a href=\"\">\r\n               \r\n              <img decoding=\"async\" src=\"https:\/\/realco.pl\/wp-content\/uploads\/2023\/04\/apartamenty-przy-parku-img.png\" alt=\"Apartamenty przy Parku Szczytnickim\">\r\n\r\n                <div class=\"caption\">\r\n                    <h3>Apartamenty przy Parku Szczytnickim<\/h3>\r\n                    <h4>Wroc\u0142aw<\/h4>\r\n                    <div class=\"etykieta\">\r\n                                                                                                                                                                  Sale is in progress                    <\/div>\r\n                    <div class=\"maska\">\r\n                      For more details, call <\/br> <a href=\"tel:+48 536 160 000\">+48 536 160 000<\/a>                      \r\n                     \r\n                        \t \r\n\t\r\n\t                      \r\n                    <\/div>\r\n                <\/div>\r\n                <\/a>\r\n            \r\n        <\/div>\r\n\r\n                 \r\n            <div class=\"item\"> \r\n            \r\n            <a href=\"https:\/\/realco.pl\/domyparkowa.pl\">\r\n               \r\n              <img decoding=\"async\" src=\"https:\/\/realco.pl\/wp-content\/uploads\/2022\/06\/realco-michalowice-parkowa.jpg\" alt=\"Parkowa\">\r\n\r\n                <div class=\"caption\">\r\n                    <h3>Parkowa<\/h3>\r\n                    <h4>Micha\u0142owice<\/h4>\r\n                    <div class=\"etykieta\">\r\n                                                                                                                                                                  Sale is in progress                    <\/div>\r\n                    <div class=\"maska\">\r\n                      Micha\u0142owice is a dynamically developing commune located near the border with Warsaw. The charming neighborhood surrounded by green areas is a place that will allow you to experience rest and relaxation. Numerous bicycle paths and recreational places will allow you to spend time actively outdoors.                      \r\n                     \r\n                          <span class=\"readmore\">zobacz wi\u0119cej<\/span>\r\n                          \r\n                    <\/div>\r\n                <\/div>\r\n                <\/a>\r\n            \r\n        <\/div>\r\n\r\n                 \r\n            <div class=\"item\"> \r\n            \r\n            <a href=\"https:\/\/realco.pl\/mlynmaria.pl\/\">\r\n               \r\n              <img decoding=\"async\" src=\"https:\/\/realco.pl\/wp-content\/uploads\/2021\/09\/realco-mlyn-maria.jpg\" alt=\"M\u0142yn Maria\">\r\n\r\n                <div class=\"caption\">\r\n                    <h3>M\u0142yn Maria<\/h3>\r\n                    <h4>Wroc\u0142aw<\/h4>\r\n                    <div class=\"etykieta\">\r\n                                                                                                              Service premises for sale                                                                        <\/div>\r\n                    <div class=\"maska\">\r\n                      The sale of fully finished apartments in M\u0142yn Maria has ended. The offer includes service premises of various sizes. They are all located on the ground floor and have direct access from the street and large shop windows.                      \r\n                     \r\n                          <span class=\"readmore\">zobacz wi\u0119cej<\/span>\r\n                          \r\n                    <\/div>\r\n                <\/div>\r\n                <\/a>\r\n            \r\n        <\/div>\r\n\r\n                 \r\n            <div class=\"item\"> \r\n            \r\n            <a href=\"https:\/\/realco.pl\/wilcza19.pl\/\">\r\n               \r\n              <img decoding=\"async\" src=\"https:\/\/realco.pl\/wp-content\/uploads\/2021\/09\/realco-wilcza-19.jpg\" alt=\"Kamienica Wilcza 19\">\r\n\r\n                <div class=\"caption\">\r\n                    <h3>Kamienica Wilcza 19<\/h3>\r\n                    <h4>Warszawa \/ \u015ar\u00f3dmie\u015bcie<\/h4>\r\n                    <div class=\"etykieta\">\r\n                      Sales finished                                                                                                                                                                <\/div>\r\n                    <div class=\"maska\">\r\n                      In Kamienica Wilcza 19, 41 unique apartments were built on 6 floors. All of them have individual storage rooms, and parking spaces in the underground garage have been created for the most demanding customers. In the front part of the tenement house, on the ground floor, service premises were created just like from the very beginning of its existence. All apartments in Kamienica Wilcza 19 will be completed with comprehensive finishing.                      \r\n                     \r\n                          <span class=\"readmore\">zobacz wi\u0119cej<\/span>\r\n                          \r\n                    <\/div>\r\n                <\/div>\r\n                <\/a>\r\n            \r\n        <\/div>\r\n\r\n                 \r\n            <div class=\"item\"> \r\n            \r\n            <a href=\"https:\/\/realco.pl\/kujawska3.pl\/\">\r\n               \r\n              <img decoding=\"async\" src=\"https:\/\/realco.pl\/wp-content\/uploads\/2021\/09\/realco-k3.jpg\" alt=\"Kujawska 3\">\r\n\r\n                <div class=\"caption\">\r\n                    <h3>Kujawska 3<\/h3>\r\n                    <h4>Warszawa \/ \u015ar\u00f3dmie\u015bcie<\/h4>\r\n                    <div class=\"etykieta\">\r\n                      Sales finished                                                                                                                                                                <\/div>\r\n                    <div class=\"maska\">\r\n                      The tenement house, located at ul. Kujawska 3, was built in 1934. It is located on the border of \u015ar\u00f3dmie\u015bcie and Mokot\u00f3w, close to pl. Unii Lubelskiej and ul. Pulawska. Near the building there are numerous restaurants, cafes and shops, as well as many recreational places. Residents can enjoy the charms of Morskie Oko Park or go for a walk in \u0141azienki Park.                      \r\n                     \r\n                          <span class=\"readmore\">zobacz wi\u0119cej<\/span>\r\n                          \r\n                    <\/div>\r\n                <\/div>\r\n                <\/a>\r\n            \r\n        <\/div>\r\n\r\n                 \r\n            <div class=\"item\"> \r\n            \r\n            <a href=\"https:\/\/www.facebook.com\/Ogrodowa65KamienicaNaWoli\">\r\n               \r\n              <img decoding=\"async\" src=\"https:\/\/realco.pl\/wp-content\/uploads\/2021\/09\/realco-ogrodowa-65.jpg\" alt=\"Ogrodowa 65\">\r\n\r\n                <div class=\"caption\">\r\n                    <h3>Ogrodowa 65<\/h3>\r\n                    <h4>Warszawa \/ \u015ar\u00f3dmie\u015bcie<\/h4>\r\n                    <div class=\"etykieta\">\r\n                      Sales finished                                                                                                                                                                <\/div>\r\n                    <div class=\"maska\">\r\n                      The &#8220;Ogrodowa 65 Kamienica na Woli&#8221; investment is a historic residential building that has undergone comprehensive revitalization. In total, after the renovation works are completed, there are 62 apartments in the building, ranging from 20 m\u00b2 to 68 m\u00b2. In the front part of the building, there are two service premises with large windows overlooking Ogrodowa Street.                      \r\n                     \r\n                          <span class=\"readmore\">zobacz wi\u0119cej<\/span>\r\n                          \r\n                    <\/div>\r\n                <\/div>\r\n                <\/a>\r\n            \r\n        <\/div>\r\n\r\n                 \r\n            <div class=\"item\"> \r\n            \r\n            <a href=\"\">\r\n               \r\n              <img decoding=\"async\" src=\"https:\/\/realco.pl\/wp-content\/uploads\/2021\/09\/realco-wilcza-22.jpg\" alt=\"Wilcza 22\">\r\n\r\n                <div class=\"caption\">\r\n                    <h3>Wilcza 22<\/h3>\r\n                    <h4>Warszawa \/ \u015ar\u00f3dmie\u015bcie<\/h4>\r\n                    <div class=\"etykieta\">\r\n                      Sales finished                                                                                                                                                                <\/div>\r\n                    <div class=\"maska\">\r\n                      In May 2015, RealCo completed the revitalization of the Left Oficyna and the Right Oficyna of the tenement house at ul. Wilcza 22 and their premises. The revitalization included the restoration of the fa\u00e7ade, replacement of the roof truss with roofing, replacement of windows and doors, as well as renovation and restoration of all common parts &#8211; staircases, basements and courtyards. As part of the investment, 22 apartments were built with areas ranging from 25 to 79 m2.                      \r\n                     \r\n                        \t \r\n\t\r\n\t                      \r\n                    <\/div>\r\n                <\/div>\r\n                <\/a>\r\n            \r\n        <\/div>\r\n\r\n                 \r\n            <div class=\"item\"> \r\n            \r\n            <a href=\"https:\/\/realco.pl\/lipinski_passage\/\">\r\n               \r\n              <img decoding=\"async\" src=\"https:\/\/realco.pl\/wp-content\/uploads\/2021\/09\/realco-lp.jpg\" alt=\"Lipi\u0144ski Passage\">\r\n\r\n                <div class=\"caption\">\r\n                    <h3>Lipi\u0144ski Passage<\/h3>\r\n                    <h4>Warszawa \/ \u015ar\u00f3dmie\u015bcie<\/h4>\r\n                    <div class=\"etykieta\">\r\n                      Sales finished                                                                                                                                                                <\/div>\r\n                    <div class=\"maska\">\r\n                      The investment consisted in the reconstruction, extension and change of use of two historic tenement houses from 1898 located on the south-eastern corner of the intersection of al. Jerozolimskie and ul. E. Plater. The courtyard space that connects the two buildings has been covered with a glass roof in a stylish steel structure. Thanks to the combination of traditional historic elements with modern solutions, it was possible to ensure the uniqueness of the building.                      \r\n                     \r\n                          <span class=\"readmore\">zobacz wi\u0119cej<\/span>\r\n                          \r\n                    <\/div>\r\n                <\/div>\r\n                <\/a>\r\n            \r\n        <\/div>\r\n\r\n            <\/div>\r\n<\/div>\r\n<script>\r\n    $(document).ready(function() {\r\n\r\n        $('.owl-slider-inwestycje').owlCarousel({\r\n            loop: false,\r\n            margin: 20,\r\n            nav: true,\r\n            responsiveClass: true,\r\n            responsive: {\r\n                0: {\r\n                    items: 1\r\n                },\r\n                600: {\r\n                    items: 2\r\n                },\r\n                1000: {\r\n                    items: 4\r\n                }\r\n\r\n\r\n            }\r\n        });\r\n    })\r\n\r\n<\/script><\/div>\n\n\n<div style=\"height:60px\" aria-hidden=\"true\" class=\"wp-block-spacer\"><\/div>\n<\/div><\/div>\n\n\n\n<div class=\"wp-block-group about container-wide\"><div class=\"wp-block-group__inner-container is-layout-flow wp-block-group-is-layout-flow\">\n<div style=\"height:60px\" aria-hidden=\"true\" class=\"wp-block-spacer\"><\/div>\n\n\n\n<div class=\"wp-block-columns are-vertically-aligned-center container is-layout-flex wp-container-core-columns-is-layout-9d6595d7 wp-block-columns-is-layout-flex\">\n<div class=\"wp-block-column is-vertically-aligned-center is-layout-flow wp-block-column-is-layout-flow\" style=\"flex-basis:66.66%\">\n<h2 class=\"wp-block-heading main-lead\">Trust us<\/h2>\n\n\n\n<div style=\"height:35px\" aria-hidden=\"true\" class=\"wp-block-spacer\"><\/div>\n\n\n\n<div class=\"wp-block-columns is-layout-flex wp-container-core-columns-is-layout-9d6595d7 wp-block-columns-is-layout-flex\">\n<div class=\"wp-block-column is-layout-flow wp-block-column-is-layout-flow\">\n<h3 class=\"wp-block-heading\">Credibility<\/h3>\n\n\n\n<p>We are constantly developing, building RealCo&#8217;s position on the market as a reliable and reliable developer.<\/p>\n<\/div>\n\n\n\n<div class=\"wp-block-column is-layout-flow wp-block-column-is-layout-flow\">\n<h3 class=\"wp-block-heading\">Satisfied customers<\/h3>\n\n\n\n<p>Satisfied customers are our primary goal and the best recommendation.<\/p>\n<\/div>\n<\/div>\n\n\n\n<div style=\"height:35px\" aria-hidden=\"true\" class=\"wp-block-spacer\"><\/div>\n\n\n\n<div class=\"wp-block-columns is-layout-flex wp-container-core-columns-is-layout-9d6595d7 wp-block-columns-is-layout-flex\">\n<div class=\"wp-block-column is-layout-flow wp-block-column-is-layout-flow\">\n<h3 class=\"wp-block-heading\">Experience<\/h3>\n\n\n\n<p>We have over 10 years of experience in the real estate market and in the financial industry.<\/p>\n<\/div>\n\n\n\n<div class=\"wp-block-column is-layout-flow wp-block-column-is-layout-flow\">\n<h3 class=\"wp-block-heading\">Security<\/h3>\n\n\n\n<p>We accompany our clients throughout the purchase process, and the transaction takes place in clear conditions.<\/p>\n<\/div>\n<\/div>\n\n\n\n<div style=\"height:35px\" aria-hidden=\"true\" class=\"wp-block-spacer\"><\/div>\n<\/div>\n\n\n\n<div class=\"wp-block-column is-vertically-aligned-center is-layout-flow wp-block-column-is-layout-flow\" style=\"flex-basis:33.33%\">\n<figure class=\"wp-block-image size-full shadow-right\"><img loading=\"lazy\" decoding=\"async\" width=\"900\" height=\"900\" src=\"https:\/\/realco.pl\/wp-content\/uploads\/2021\/09\/RealCo-Lipinski-Passage-1.jpg\" alt=\"\" class=\"wp-image-188\" srcset=\"https:\/\/realco.pl\/wp-content\/uploads\/2021\/09\/RealCo-Lipinski-Passage-1.jpg 900w, https:\/\/realco.pl\/wp-content\/uploads\/2021\/09\/RealCo-Lipinski-Passage-1-300x300.jpg 300w, https:\/\/realco.pl\/wp-content\/uploads\/2021\/09\/RealCo-Lipinski-Passage-1-150x150.jpg 150w, https:\/\/realco.pl\/wp-content\/uploads\/2021\/09\/RealCo-Lipinski-Passage-1-768x768.jpg 768w\" sizes=\"auto, (max-width: 900px) 100vw, 900px\" \/><\/figure>\n<\/div>\n<\/div>\n<\/div><\/div>\n\n\n<div class=\"lazyblock-karuzela-owl-tekst-grafika-1YuoyE wp-block-lazyblock-karuzela-owl-tekst-grafika\"><div class=\"carusela-owl-about\">\r\n  <div class=\"container\">\r\n    <div class=\"owl-carousel owl-slider-about owl-theme\">\r\n      \r\n                \r\n            <div class=\"item\"> \r\n              <!--<div class=\"column-left shadow-left\">-->\r\n              <div class=\"column-left\">\r\n                <img decoding=\"async\"  src=\"https:\/\/realco.pl\/wp-content\/uploads\/2021\/10\/Kamienica-Wilcza-19_kwadrat.jpg\" alt=\"RealCoProperty Investment and Development\">\r\n              <\/div>\r\n              <div class=\"column-right\">\r\n                <h2 class=\"main-lead\"> RealCo<\/h2>\r\n                <h3 class=\"under-lead\"> Property Investment and Development<\/h3>\r\n                <p><strong>Realco is a real estate developer that is a part of the polish capital group Warsaw Equity. <\/strong><\/p>\n<p>Our business is based on tradition and respect for history combined with our sense of taste and aesthetics, which allow us to restore historical buildings and give their neighbourhood a unique character. We welcome the challenges involved in renovating historical properties and we restore them to their former glory with our determination, persistence and experience. We are glad to be able to free the potential of neglected buildings and improve parts of the city space together with our clients and partners.<\/p>                \r\n                                                <a class=\"more\" href=\"https:\/\/realco.pl\/en\/about\/\">czytaj dalej <i class=\"fa fa-angle-double-right\" aria-hidden=\"true\"><\/i><\/a>\r\n             \r\n              <\/div>\r\n        <\/div>\r\n\r\n            <\/div>\r\n<\/div>\r\n<\/div>\r\n<script>\r\n    $(document).ready(function() {\r\n\r\n        $('.owl-slider-about').owlCarousel({\r\n            loop: false,\r\n            margin: 20,\r\n            nav: false,\r\n            dots:false,\r\n            responsiveClass: true,\r\n            responsive: {\r\n                0: {\r\n                    items: 1\r\n                },\r\n            }\r\n        });\r\n    })\r\n\r\n<\/script><\/div>\n\n\n<div style=\"height:100px\" aria-hidden=\"true\" class=\"wp-block-spacer\"><\/div>\n","protected":false},"excerpt":{"rendered":"<p>Our investments We undertake both demanding projects related to the renovation of historical properties and the creation of new residential spaces for our clients. Trust us Credibility We are constantly developing, building RealCo&#8217;s position on the market as a reliable and reliable developer. Satisfied customers Satisfied customers are our primary goal and the best recommendation. [&hellip;]<\/p>\n","protected":false},"author":1,"featured_media":0,"parent":0,"menu_order":2,"comment_status":"closed","ping_status":"closed","template":"page-home.php","meta":{"_acf_changed":false,"footnotes":""},"class_list":["post-31","page","type-page","status-publish","hentry"],"acf":[],"_links":{"self":[{"href":"https:\/\/realco.pl\/en\/wp-json\/wp\/v2\/pages\/31","targetHints":{"allow":["GET"]}}],"collection":[{"href":"https:\/\/realco.pl\/en\/wp-json\/wp\/v2\/pages"}],"about":[{"href":"https:\/\/realco.pl\/en\/wp-json\/wp\/v2\/types\/page"}],"author":[{"embeddable":true,"href":"https:\/\/realco.pl\/en\/wp-json\/wp\/v2\/users\/1"}],"replies":[{"embeddable":true,"href":"https:\/\/realco.pl\/en\/wp-json\/wp\/v2\/comments?post=31"}],"version-history":[{"count":24,"href":"https:\/\/realco.pl\/en\/wp-json\/wp\/v2\/pages\/31\/revisions"}],"predecessor-version":[{"id":1823,"href":"https:\/\/realco.pl\/en\/wp-json\/wp\/v2\/pages\/31\/revisions\/1823"}],"wp:attachment":[{"href":"https:\/\/realco.pl\/en\/wp-json\/wp\/v2\/media?parent=31"}],"curies":[{"name":"wp","href":"https:\/\/api.w.org\/{rel}","templated":true}]}}