{"id":780,"date":"2021-10-25T14:19:07","date_gmt":"2021-10-25T12:19:07","guid":{"rendered":"https:\/\/realco.pl\/?page_id=780"},"modified":"2025-04-03T22:18:57","modified_gmt":"2025-04-03T20:18:57","slug":"contact","status":"publish","type":"page","link":"https:\/\/realco.pl\/en\/contact\/","title":{"rendered":"Contact"},"content":{"rendered":"\n<div style=\"height:30px\" aria-hidden=\"true\" class=\"wp-block-spacer\"><\/div>\n\n\n\n<div class=\"wp-block-columns is-layout-flex wp-container-core-columns-is-layout-9d6595d7 wp-block-columns-is-layout-flex\">\n<div class=\"wp-block-column is-layout-flow wp-block-column-is-layout-flow\" style=\"flex-basis:33.34%\">\n<div class=\"wp-block-columns is-layout-flex wp-container-core-columns-is-layout-9d6595d7 wp-block-columns-is-layout-flex\">\n<div class=\"wp-block-column is-layout-flow wp-block-column-is-layout-flow\">\n<p><strong>Warsaw<\/strong><\/p>\n\n\n\n<p><strong>Headquarters<\/strong><\/p>\n\n\n\n<p>Zielna 37, <br>Building C, IV floor<br>00-108 Warsaw<\/p>\n\n\n\n<p><a href=\"tel:+48 22 395 75 34\">+48 22 395 75 34<\/a><br><a href=\"mailto:biuro@realco.pl\">biuro@realco.pl<\/a><\/p>\n<\/div>\n<\/div>\n<\/div>\n\n\n\n<div class=\"wp-block-column is-layout-flow wp-block-column-is-layout-flow\">\n<p><strong>Wroc\u0142aw<\/strong><\/p>\n\n\n\n<p><strong>Sales office<\/strong><\/p>\n\n\n\n<p>aleja Ludomira R\u00f3\u017cyckiego 1C, <br>51-608 Wroc\u0142aw<\/p>\n\n\n\n<p><a href=\"tel:+48 536 160 000\">+48 536 160 000<\/a><br>Mon-Fr: 9:00-18:00<\/p>\n<\/div>\n\n\n\n<div class=\"wp-block-column is-layout-flow wp-block-column-is-layout-flow\">\n<p><strong>Micha\u0142owice<\/strong><\/p>\n\n\n\n<p><strong>Sales office<\/strong><\/p>\n\n\n\n<p>Poniatowskiego 39,<br>05-816 Micha\u0142owice<\/p>\n\n\n\n<p><a href=\"tel:48536160000\">+48 536 160 000<\/a><br><a href=\"mailto:sprzedaz@domyparkowa.pl\">sprzedaz@domyparkowa.pl<\/a><\/p>\n<\/div>\n<\/div>\n\n\n\n<p>Registry data: RealCo Property Investment and Development sp. z o.o. 00-108 Warsaw, Zielna 37, building C, IV floor, VAT number: 5272605458, district court for the capital city of Warsaw in Warsaw, XII commercial division of the national court register, share capital pln 1,000,000.<\/p>\n\n\n\n<iframe src=\"https:\/\/www.google.com\/maps\/embed?pb=!1m14!1m8!1m3!1d9773.613112445346!2d21.0066044!3d52.2360583!3m2!1i1024!2i768!4f13.1!3m3!1m2!1s0x0%3A0xa237f6e92130e547!2sRealCo%20Property%20Investment%20and%20Development%20Sp.%20z%20o.o.!5e0!3m2!1spl!2spl!4v1632130981647!5m2!1spl!2spl\" width=\"1600\" height=\"500\" style=\"border:0;\" allowfullscreen=\"\" loading=\"lazy\"><\/iframe>\n","protected":false},"excerpt":{"rendered":"<p>Warsaw Headquarters Zielna 37, Building C, IV floor00-108 Warsaw +48 22 395 75 34biuro@realco.pl Wroc\u0142aw Sales office aleja Ludomira R\u00f3\u017cyckiego 1C, 51-608 Wroc\u0142aw +48 536 160 000Mon-Fr: 9:00-18:00 Micha\u0142owice Sales office Poniatowskiego 39,05-816 Micha\u0142owice +48 536 160 000sprzedaz@domyparkowa.pl Registry data: RealCo Property Investment and Development sp. z o.o. 00-108 Warsaw, Zielna 37, building C, IV [&hellip;]<\/p>\n","protected":false},"author":1,"featured_media":0,"parent":0,"menu_order":13,"comment_status":"closed","ping_status":"closed","template":"","meta":{"_acf_changed":false,"footnotes":""},"class_list":["post-780","page","type-page","status-publish","hentry"],"acf":[],"_links":{"self":[{"href":"https:\/\/realco.pl\/en\/wp-json\/wp\/v2\/pages\/780","targetHints":{"allow":["GET"]}}],"collection":[{"href":"https:\/\/realco.pl\/en\/wp-json\/wp\/v2\/pages"}],"about":[{"href":"https:\/\/realco.pl\/en\/wp-json\/wp\/v2\/types\/page"}],"author":[{"embeddable":true,"href":"https:\/\/realco.pl\/en\/wp-json\/wp\/v2\/users\/1"}],"replies":[{"embeddable":true,"href":"https:\/\/realco.pl\/en\/wp-json\/wp\/v2\/comments?post=780"}],"version-history":[{"count":9,"href":"https:\/\/realco.pl\/en\/wp-json\/wp\/v2\/pages\/780\/revisions"}],"predecessor-version":[{"id":1939,"href":"https:\/\/realco.pl\/en\/wp-json\/wp\/v2\/pages\/780\/revisions\/1939"}],"wp:attachment":[{"href":"https:\/\/realco.pl\/en\/wp-json\/wp\/v2\/media?parent=780"}],"curies":[{"name":"wp","href":"https:\/\/api.w.org\/{rel}","templated":true}]}}